{"id":28938,"date":"2023-04-14T14:41:56","date_gmt":"2023-04-14T14:41:56","guid":{"rendered":"https:\/\/darkgoldenrod-ibex-179495.hostingersite.com\/?page_id=28938"},"modified":"2023-05-29T20:17:40","modified_gmt":"2023-05-29T20:17:40","slug":"blog","status":"publish","type":"page","link":"https:\/\/aclco.co\/en\/blog\/","title":{"rendered":"Blog"},"content":{"rendered":"<div data-elementor-type=\"wp-page\" data-elementor-id=\"28938\" class=\"elementor elementor-28938\" data-elementor-post-type=\"page\">\n\t\t\t\t\t\t<section class=\"elementor-section elementor-top-section elementor-element elementor-element-a07c1de elementor-section-height-min-height elementor-section-content-middle elementor-section-boxed elementor-section-height-default elementor-section-items-middle\" data-id=\"a07c1de\" data-element_type=\"section\" data-e-type=\"section\" data-settings=\"{&quot;background_background&quot;:&quot;classic&quot;}\">\n\t\t\t\t\t\t\t<div class=\"elementor-background-overlay\"><\/div>\n\t\t\t\t\t\t\t<div class=\"elementor-container elementor-column-gap-no\">\n\t\t\t\t\t<div class=\"elementor-column elementor-col-100 elementor-top-column elementor-element elementor-element-e5deb70\" data-id=\"e5deb70\" data-element_type=\"column\" data-e-type=\"column\" data-settings=\"{&quot;background_background&quot;:&quot;classic&quot;}\">\n\t\t\t<div class=\"elementor-widget-wrap elementor-element-populated\">\n\t\t\t\t<div class=\"elementor-element elementor-element-a1ec95c e-con-full e-flex e-con e-parent\" data-id=\"a1ec95c\" data-element_type=\"container\" data-e-type=\"container\">\n\t\t\t\t<div class=\"elementor-element elementor-element-791d527 elementor-widget elementor-widget-heading\" data-id=\"791d527\" data-element_type=\"widget\" data-e-type=\"widget\" data-widget_type=\"heading.default\">\n\t\t\t\t\t<h2 class=\"elementor-heading-title elementor-size-default\">Blog<\/h2>\t\t\t\t<\/div>\n\t\t\t\t<\/div>\n\t\t\t\t<div class=\"elementor-element elementor-element-3e9bbbc elementor-widget-divider--view-line elementor-widget elementor-widget-divider\" data-id=\"3e9bbbc\" data-element_type=\"widget\" data-e-type=\"widget\" data-widget_type=\"divider.default\">\n\t\t\t\t\t\t\t<div class=\"elementor-divider\">\n\t\t\t<span class=\"elementor-divider-separator\">\n\t\t\t\t\t\t<\/span>\n\t\t<\/div>\n\t\t\t\t\t\t<\/div>\n\t\t\t\t<div class=\"elementor-element elementor-element-75d52c8 elementor-widget elementor-widget-text-editor\" data-id=\"75d52c8\" data-element_type=\"widget\" data-e-type=\"widget\" data-widget_type=\"text-editor.default\">\n\t\t\t\t\t\t\t\t\t<p>News ACL<\/p>\t\t\t\t\t\t\t\t<\/div>\n\t\t\t\t\t<\/div>\n\t\t<\/div>\n\t\t\t\t\t<\/div>\n\t\t<\/section>\n\t\t<div class=\"elementor-element elementor-element-44ec44e e-flex e-con-boxed e-con e-parent\" data-id=\"44ec44e\" data-element_type=\"container\" data-e-type=\"container\">\n\t\t\t\t\t<div class=\"e-con-inner\">\n\t\t\t\t<div class=\"elementor-element elementor-element-5272343 elementor-grid-3 elementor-grid-tablet-2 elementor-grid-mobile-1 elementor-posts--thumbnail-top elementor-card-shadow-yes elementor-posts__hover-gradient elementor-widget elementor-widget-posts\" data-id=\"5272343\" data-element_type=\"widget\" data-e-type=\"widget\" data-settings=\"{&quot;pagination_type&quot;:&quot;numbers_and_prev_next&quot;,&quot;cards_columns&quot;:&quot;3&quot;,&quot;cards_columns_tablet&quot;:&quot;2&quot;,&quot;cards_columns_mobile&quot;:&quot;1&quot;,&quot;cards_row_gap&quot;:{&quot;unit&quot;:&quot;px&quot;,&quot;size&quot;:35,&quot;sizes&quot;:[]},&quot;cards_row_gap_tablet&quot;:{&quot;unit&quot;:&quot;px&quot;,&quot;size&quot;:&quot;&quot;,&quot;sizes&quot;:[]},&quot;cards_row_gap_mobile&quot;:{&quot;unit&quot;:&quot;px&quot;,&quot;size&quot;:&quot;&quot;,&quot;sizes&quot;:[]}}\" data-widget_type=\"posts.cards\">\n\t\t\t\t<div class=\"elementor-widget-container\">\n\t\t\t\t\t\t\t<div class=\"elementor-posts-container elementor-posts elementor-posts--skin-cards elementor-grid\">\n\t\t\t\t<article class=\"elementor-post elementor-grid-item post-34404 post type-post status-publish format-standard has-post-thumbnail hentry category-noticias-acl category-contabilidad category-reformas\">\n\t\t\t<div class=\"elementor-post__card\">\n\t\t\t\t<a class=\"elementor-post__thumbnail__link\" href=\"https:\/\/aclco.co\/en\/entro-en-vigencia-el-nuevo-recargo-nocturno-y-sube-el-costo-de-la-nomina-por-reforma\/\" tabindex=\"-1\"><div class=\"elementor-post__thumbnail\"><img decoding=\"async\" width=\"1\" height=\"1\" src=\"data:image\/gif;base64,R0lGODlhAQABAIAAAAAAAP\/\/\/yH5BAEAAAAALAAAAAABAAEAAAIBRAA7\" data-src=\"https:\/\/aclco.co\/wp-content\/uploads\/2026\/01\/Entro-en-vigencia-el-nuevo-recargo-nocturno-y-sube-el-costo-de-la-nomina-por-Reforma.png\" class=\"attachment-medium size-medium wp-image-34405 lazyload\" alt=\"Entro\u0301 en vigencia el nuevo recargo nocturno y sube el costo de la no\u0301mina por Reforma\" title=\"\"><noscript><img decoding=\"async\" width=\"1\" height=\"1\" src=\"https:\/\/aclco.co\/wp-content\/uploads\/2026\/01\/Entro-en-vigencia-el-nuevo-recargo-nocturno-y-sube-el-costo-de-la-nomina-por-Reforma.png\" class=\"attachment-medium size-medium wp-image-34405 lazyload\" alt=\"Entro\u0301 en vigencia el nuevo recargo nocturno y sube el costo de la no\u0301mina por Reforma\" title=\"\"><\/noscript><\/div><\/a>\n\t\t\t\t<div class=\"elementor-post__text\">\n\t\t\t\t<h3 class=\"elementor-post__title\">\n\t\t\t<a href=\"https:\/\/aclco.co\/en\/entro-en-vigencia-el-nuevo-recargo-nocturno-y-sube-el-costo-de-la-nomina-por-reforma\/\">\n\t\t\t\tEntr\u00f3 en vigencia el nuevo recargo nocturno y sube el costo de la n\u00f3mina por Reforma\t\t\t<\/a>\n\t\t<\/h3>\n\t\t\t\t<div class=\"elementor-post__excerpt\">\n\t\t\t<p>Si se decreta el salario base con un aumento de 12%, un trabajador que devengue ese monto terminar\u00eda costando un poco m\u00e1s de $2,6 millones<\/p>\n\t\t<\/div>\n\t\t\n\t\t<a class=\"elementor-post__read-more\" href=\"https:\/\/aclco.co\/en\/entro-en-vigencia-el-nuevo-recargo-nocturno-y-sube-el-costo-de-la-nomina-por-reforma\/\" aria-label=\"Read more about Entr\u00f3 en vigencia el nuevo recargo nocturno y sube el costo de la n\u00f3mina por Reforma\" tabindex=\"-1\">\n\t\t\tLeer m\u00e1s \u00bb\t\t<\/a>\n\n\t\t\t\t<\/div>\n\t\t\t\t<div class=\"elementor-post__meta-data\">\n\t\t\t\t\t<span class=\"elementor-post-date\">\n\t\t\tJanuary 5, 2026\t\t<\/span>\n\t\t\t\t<span class=\"elementor-post-avatar\">\n\t\t\tNo Comments\t\t<\/span>\n\t\t\t\t<\/div>\n\t\t\t\t\t<\/div>\n\t\t<\/article>\n\t\t\t\t<article class=\"elementor-post elementor-grid-item post-34398 post type-post status-publish format-standard has-post-thumbnail hentry category-noticias-acl category-contabilidad category-reformas\">\n\t\t\t<div class=\"elementor-post__card\">\n\t\t\t\t<a class=\"elementor-post__thumbnail__link\" href=\"https:\/\/aclco.co\/en\/nuevo-salario-minimo-y-su-efecto-en-el-costo-laboral\/\" tabindex=\"-1\"><div class=\"elementor-post__thumbnail\"><img decoding=\"async\" width=\"1\" height=\"1\" src=\"data:image\/gif;base64,R0lGODlhAQABAIAAAAAAAP\/\/\/yH5BAEAAAAALAAAAAABAAEAAAIBRAA7\" data-src=\"https:\/\/aclco.co\/wp-content\/uploads\/2025\/12\/Nuevo-salario-minimo-y-su-efecto-en-el-costo-laboral.png\" class=\"attachment-medium size-medium wp-image-34399 lazyload\" alt=\"Nuevo salario mi\u0301nimo y su efecto en el costo laboral\" title=\"\"><noscript><img loading=\"lazy\" decoding=\"async\" width=\"1\" height=\"1\" src=\"https:\/\/aclco.co\/wp-content\/uploads\/2025\/12\/Nuevo-salario-minimo-y-su-efecto-en-el-costo-laboral.png\" class=\"attachment-medium size-medium wp-image-34399 lazyload\" alt=\"Nuevo salario mi\u0301nimo y su efecto en el costo laboral\" title=\"\"><\/noscript><\/div><\/a>\n\t\t\t\t<div class=\"elementor-post__text\">\n\t\t\t\t<h3 class=\"elementor-post__title\">\n\t\t\t<a href=\"https:\/\/aclco.co\/en\/nuevo-salario-minimo-y-su-efecto-en-el-costo-laboral\/\">\n\t\t\t\tNuevo salario m\u00ednimo y su efecto en el costo laboral\t\t\t<\/a>\n\t\t<\/h3>\n\t\t\t\t<div class=\"elementor-post__excerpt\">\n\t\t\t<p>Si se decreta el salario base con un aumento de 12%, un trabajador que devengue ese monto terminar\u00eda costando un poco m\u00e1s de $2,6 millones<\/p>\n\t\t<\/div>\n\t\t\n\t\t<a class=\"elementor-post__read-more\" href=\"https:\/\/aclco.co\/en\/nuevo-salario-minimo-y-su-efecto-en-el-costo-laboral\/\" aria-label=\"Read more about Nuevo salario m\u00ednimo y su efecto en el costo laboral\" tabindex=\"-1\">\n\t\t\tLeer m\u00e1s \u00bb\t\t<\/a>\n\n\t\t\t\t<\/div>\n\t\t\t\t<div class=\"elementor-post__meta-data\">\n\t\t\t\t\t<span class=\"elementor-post-date\">\n\t\t\tDecember 22, 2025\t\t<\/span>\n\t\t\t\t<span class=\"elementor-post-avatar\">\n\t\t\tNo Comments\t\t<\/span>\n\t\t\t\t<\/div>\n\t\t\t\t\t<\/div>\n\t\t<\/article>\n\t\t\t\t<article class=\"elementor-post elementor-grid-item post-34392 post type-post status-publish format-standard has-post-thumbnail hentry category-noticias-acl category-contabilidad category-reformas\">\n\t\t\t<div class=\"elementor-post__card\">\n\t\t\t\t<a class=\"elementor-post__thumbnail__link\" href=\"https:\/\/aclco.co\/en\/gobierno-advierte-que-deuda-fiscal-del-pais-es-alta-y\/\" tabindex=\"-1\"><div class=\"elementor-post__thumbnail\"><img loading=\"lazy\" decoding=\"async\" width=\"1\" height=\"1\" src=\"data:image\/gif;base64,R0lGODlhAQABAIAAAAAAAP\/\/\/yH5BAEAAAAALAAAAAABAAEAAAIBRAA7\" data-src=\"https:\/\/aclco.co\/wp-content\/uploads\/2025\/12\/Gobierno-advierte-que-deuda-fiscal-del-pais-es-alta-y-se-solucionaria-con-una-tributaria.png\" class=\"attachment-medium size-medium wp-image-34393 lazyload\" alt=\"Gobierno advierte que deuda fiscal del pai\u0301s es alta y se solucionari\u0301a con una tributaria\" title=\"\"><noscript><img loading=\"lazy\" decoding=\"async\" width=\"1\" height=\"1\" src=\"https:\/\/aclco.co\/wp-content\/uploads\/2025\/12\/Gobierno-advierte-que-deuda-fiscal-del-pais-es-alta-y-se-solucionaria-con-una-tributaria.png\" class=\"attachment-medium size-medium wp-image-34393 lazyload\" alt=\"Gobierno advierte que deuda fiscal del pai\u0301s es alta y se solucionari\u0301a con una tributaria\" title=\"\"><\/noscript><\/div><\/a>\n\t\t\t\t<div class=\"elementor-post__text\">\n\t\t\t\t<h3 class=\"elementor-post__title\">\n\t\t\t<a href=\"https:\/\/aclco.co\/en\/gobierno-advierte-que-deuda-fiscal-del-pais-es-alta-y\/\">\n\t\t\t\tGobierno advierte que deuda fiscal del pa\u00eds es alta y se solucionar\u00eda con una tributaria\t\t\t<\/a>\n\t\t<\/h3>\n\t\t\t\t<div class=\"elementor-post__excerpt\">\n\t\t\t<p>El Gobierno ajust\u00f3 sus perspectivas fiscales para el cierre de a\u00f1o y coincidieron con las del Carf, que el d\u00e9ficit fiscal cerrar\u00eda en 6,2% del<\/p>\n\t\t<\/div>\n\t\t\n\t\t<a class=\"elementor-post__read-more\" href=\"https:\/\/aclco.co\/en\/gobierno-advierte-que-deuda-fiscal-del-pais-es-alta-y\/\" aria-label=\"Read more about Gobierno advierte que deuda fiscal del pa\u00eds es alta y se solucionar\u00eda con una tributaria\" tabindex=\"-1\">\n\t\t\tLeer m\u00e1s \u00bb\t\t<\/a>\n\n\t\t\t\t<\/div>\n\t\t\t\t<div class=\"elementor-post__meta-data\">\n\t\t\t\t\t<span class=\"elementor-post-date\">\n\t\t\tDecember 19, 2025\t\t<\/span>\n\t\t\t\t<span class=\"elementor-post-avatar\">\n\t\t\tNo Comments\t\t<\/span>\n\t\t\t\t<\/div>\n\t\t\t\t\t<\/div>\n\t\t<\/article>\n\t\t\t\t<article class=\"elementor-post elementor-grid-item post-34385 post type-post status-publish format-standard has-post-thumbnail hentry category-noticias-acl category-contabilidad category-reformas\">\n\t\t\t<div class=\"elementor-post__card\">\n\t\t\t\t<a class=\"elementor-post__thumbnail__link\" href=\"https:\/\/aclco.co\/en\/carf-reporta-el-peor-balance-fiscal-en-casi-tres-decadas\/\" tabindex=\"-1\"><div class=\"elementor-post__thumbnail\"><img loading=\"lazy\" decoding=\"async\" width=\"1\" height=\"1\" src=\"data:image\/gif;base64,R0lGODlhAQABAIAAAAAAAP\/\/\/yH5BAEAAAAALAAAAAABAAEAAAIBRAA7\" data-src=\"https:\/\/aclco.co\/wp-content\/uploads\/2025\/12\/Carf-reporta-el-peor-balance-fiscal-en-casi-tres-decadas.png\" class=\"attachment-medium size-medium wp-image-34386 lazyload\" alt=\"Carf reporta el peor balance fiscal en casi tres de\u0301cadas\" title=\"\"><noscript><img loading=\"lazy\" decoding=\"async\" width=\"1\" height=\"1\" src=\"https:\/\/aclco.co\/wp-content\/uploads\/2025\/12\/Carf-reporta-el-peor-balance-fiscal-en-casi-tres-decadas.png\" class=\"attachment-medium size-medium wp-image-34386 lazyload\" alt=\"Carf reporta el peor balance fiscal en casi tres de\u0301cadas\" title=\"\"><\/noscript><\/div><\/a>\n\t\t\t\t<div class=\"elementor-post__text\">\n\t\t\t\t<h3 class=\"elementor-post__title\">\n\t\t\t<a href=\"https:\/\/aclco.co\/en\/carf-reporta-el-peor-balance-fiscal-en-casi-tres-decadas\/\">\n\t\t\t\tCarf reporta el peor balance fiscal en casi tres d\u00e9cadas\t\t\t<\/a>\n\t\t<\/h3>\n\t\t\t\t<div class=\"elementor-post__excerpt\">\n\t\t\t<p>Balance primario ajustado lleg\u00f3 a -2,9% del PIB, el peor desde 1998, reflejo de deterioro fiscal sin crisis econ\u00f3mica que lo explique. No se observaba<\/p>\n\t\t<\/div>\n\t\t\n\t\t<a class=\"elementor-post__read-more\" href=\"https:\/\/aclco.co\/en\/carf-reporta-el-peor-balance-fiscal-en-casi-tres-decadas\/\" aria-label=\"Read more about Carf reporta el peor balance fiscal en casi tres d\u00e9cadas\" tabindex=\"-1\">\n\t\t\tLeer m\u00e1s \u00bb\t\t<\/a>\n\n\t\t\t\t<\/div>\n\t\t\t\t<div class=\"elementor-post__meta-data\">\n\t\t\t\t\t<span class=\"elementor-post-date\">\n\t\t\tDecember 15, 2025\t\t<\/span>\n\t\t\t\t<span class=\"elementor-post-avatar\">\n\t\t\tNo Comments\t\t<\/span>\n\t\t\t\t<\/div>\n\t\t\t\t\t<\/div>\n\t\t<\/article>\n\t\t\t\t<article class=\"elementor-post elementor-grid-item post-34378 post type-post status-publish format-standard has-post-thumbnail hentry category-noticias-acl category-contabilidad category-reformas\">\n\t\t\t<div class=\"elementor-post__card\">\n\t\t\t\t<a class=\"elementor-post__thumbnail__link\" href=\"https:\/\/aclco.co\/en\/reforma-a-sanciones-aduaneras-genera-tensiones-con-los\/\" tabindex=\"-1\"><div class=\"elementor-post__thumbnail\"><img loading=\"lazy\" decoding=\"async\" width=\"300\" height=\"200\" src=\"data:image\/gif;base64,R0lGODlhAQABAIAAAAAAAP\/\/\/yH5BAEAAAAALAAAAAABAAEAAAIBRAA7\" data-src=\"https:\/\/aclco.co\/wp-content\/uploads\/2025\/12\/Reforma-a-sanciones-aduaneras-genera-tensiones-con-los-gremios-300x200.png\" class=\"attachment-medium size-medium wp-image-34379 lazyload\" alt=\"Reforma a sanciones aduaneras genera tensiones con los gremios\" data-srcset=\"https:\/\/aclco.co\/wp-content\/uploads\/2025\/12\/Reforma-a-sanciones-aduaneras-genera-tensiones-con-los-gremios-300x200.png 300w, https:\/\/aclco.co\/wp-content\/uploads\/2025\/12\/Reforma-a-sanciones-aduaneras-genera-tensiones-con-los-gremios-1024x683.png 1024w, https:\/\/aclco.co\/wp-content\/uploads\/2025\/12\/Reforma-a-sanciones-aduaneras-genera-tensiones-con-los-gremios-768x512.png 768w, https:\/\/aclco.co\/wp-content\/uploads\/2025\/12\/Reforma-a-sanciones-aduaneras-genera-tensiones-con-los-gremios-18x12.png 18w, https:\/\/aclco.co\/wp-content\/uploads\/2025\/12\/Reforma-a-sanciones-aduaneras-genera-tensiones-con-los-gremios-600x400.png 600w, https:\/\/aclco.co\/wp-content\/uploads\/2025\/12\/Reforma-a-sanciones-aduaneras-genera-tensiones-con-los-gremios.png 1080w\" sizes=\"(max-width: 300px) 100vw, 300px\" title=\"\"><noscript><img loading=\"lazy\" decoding=\"async\" width=\"300\" height=\"200\" src=\"https:\/\/aclco.co\/wp-content\/uploads\/2025\/12\/Reforma-a-sanciones-aduaneras-genera-tensiones-con-los-gremios-300x200.png\" class=\"attachment-medium size-medium wp-image-34379 lazyload\" alt=\"Reforma a sanciones aduaneras genera tensiones con los gremios\" srcset=\"https:\/\/aclco.co\/wp-content\/uploads\/2025\/12\/Reforma-a-sanciones-aduaneras-genera-tensiones-con-los-gremios-300x200.png 300w, https:\/\/aclco.co\/wp-content\/uploads\/2025\/12\/Reforma-a-sanciones-aduaneras-genera-tensiones-con-los-gremios-1024x683.png 1024w, https:\/\/aclco.co\/wp-content\/uploads\/2025\/12\/Reforma-a-sanciones-aduaneras-genera-tensiones-con-los-gremios-768x512.png 768w, https:\/\/aclco.co\/wp-content\/uploads\/2025\/12\/Reforma-a-sanciones-aduaneras-genera-tensiones-con-los-gremios-18x12.png 18w, https:\/\/aclco.co\/wp-content\/uploads\/2025\/12\/Reforma-a-sanciones-aduaneras-genera-tensiones-con-los-gremios-600x400.png 600w, https:\/\/aclco.co\/wp-content\/uploads\/2025\/12\/Reforma-a-sanciones-aduaneras-genera-tensiones-con-los-gremios.png 1080w\" sizes=\"(max-width: 300px) 100vw, 300px\" title=\"\"><\/noscript><\/div><\/a>\n\t\t\t\t<div class=\"elementor-post__text\">\n\t\t\t\t<h3 class=\"elementor-post__title\">\n\t\t\t<a href=\"https:\/\/aclco.co\/en\/reforma-a-sanciones-aduaneras-genera-tensiones-con-los\/\">\n\t\t\t\tReforma a sanciones aduaneras genera tensiones con los gremios\t\t\t<\/a>\n\t\t<\/h3>\n\t\t\t\t<div class=\"elementor-post__excerpt\">\n\t\t\t<p>La autoridad tributaria denunci\u00f3 que hay riesgos en el proyecto presentado al Congreso y que las multas son bajas. El debate por la reforma al<\/p>\n\t\t<\/div>\n\t\t\n\t\t<a class=\"elementor-post__read-more\" href=\"https:\/\/aclco.co\/en\/reforma-a-sanciones-aduaneras-genera-tensiones-con-los\/\" aria-label=\"Read more about Reforma a sanciones aduaneras genera tensiones con los gremios\" tabindex=\"-1\">\n\t\t\tLeer m\u00e1s \u00bb\t\t<\/a>\n\n\t\t\t\t<\/div>\n\t\t\t\t<div class=\"elementor-post__meta-data\">\n\t\t\t\t\t<span class=\"elementor-post-date\">\n\t\t\tDecember 12, 2025\t\t<\/span>\n\t\t\t\t<span class=\"elementor-post-avatar\">\n\t\t\tNo Comments\t\t<\/span>\n\t\t\t\t<\/div>\n\t\t\t\t\t<\/div>\n\t\t<\/article>\n\t\t\t\t<article class=\"elementor-post elementor-grid-item post-34367 post type-post status-publish format-standard has-post-thumbnail hentry category-noticias-acl category-contabilidad category-tributario\">\n\t\t\t<div class=\"elementor-post__card\">\n\t\t\t\t<a class=\"elementor-post__thumbnail__link\" href=\"https:\/\/aclco.co\/en\/ajuste-del-salario-minimo-impactara-precios-en-2026\/\" tabindex=\"-1\"><div class=\"elementor-post__thumbnail\"><img loading=\"lazy\" decoding=\"async\" width=\"1\" height=\"1\" src=\"data:image\/gif;base64,R0lGODlhAQABAIAAAAAAAP\/\/\/yH5BAEAAAAALAAAAAABAAEAAAIBRAA7\" data-src=\"https:\/\/aclco.co\/wp-content\/uploads\/2025\/12\/Ajuste-del-salario-minimo-impactara-precios-en-2026.png\" class=\"attachment-medium size-medium wp-image-34369 lazyload\" alt=\"Ajuste del salario mi\u0301nimo impactara\u0301 precios en 2026\" title=\"\"><noscript><img loading=\"lazy\" decoding=\"async\" width=\"1\" height=\"1\" src=\"https:\/\/aclco.co\/wp-content\/uploads\/2025\/12\/Ajuste-del-salario-minimo-impactara-precios-en-2026.png\" class=\"attachment-medium size-medium wp-image-34369 lazyload\" alt=\"Ajuste del salario mi\u0301nimo impactara\u0301 precios en 2026\" title=\"\"><\/noscript><\/div><\/a>\n\t\t\t\t<div class=\"elementor-post__text\">\n\t\t\t\t<h3 class=\"elementor-post__title\">\n\t\t\t<a href=\"https:\/\/aclco.co\/en\/ajuste-del-salario-minimo-impactara-precios-en-2026\/\">\n\t\t\t\tAjuste del salario m\u00ednimo impactar\u00e1 precios en 2026\t\t\t<\/a>\n\t\t<\/h3>\n\t\t\t\t<div class=\"elementor-post__excerpt\">\n\t\t\t<p>Entre lo indexado al salario m\u00ednimo est\u00e1n la vivienda de inter\u00e9s social, la consulta m\u00e9dica general con m\u00e9dico particular, entre otros. El lunes inici\u00f3 la<\/p>\n\t\t<\/div>\n\t\t\n\t\t<a class=\"elementor-post__read-more\" href=\"https:\/\/aclco.co\/en\/ajuste-del-salario-minimo-impactara-precios-en-2026\/\" aria-label=\"Read more about Ajuste del salario m\u00ednimo impactar\u00e1 precios en 2026\" tabindex=\"-1\">\n\t\t\tLeer m\u00e1s \u00bb\t\t<\/a>\n\n\t\t\t\t<\/div>\n\t\t\t\t<div class=\"elementor-post__meta-data\">\n\t\t\t\t\t<span class=\"elementor-post-date\">\n\t\t\tDecember 5, 2025\t\t<\/span>\n\t\t\t\t<span class=\"elementor-post-avatar\">\n\t\t\tNo Comments\t\t<\/span>\n\t\t\t\t<\/div>\n\t\t\t\t\t<\/div>\n\t\t<\/article>\n\t\t\t\t<\/div>\n\t\t\n\t\t\t\t<div class=\"e-load-more-anchor\" data-page=\"1\" data-max-page=\"76\" data-next-page=\"https:\/\/aclco.co\/en\/wp-json\/wp\/v2\/pages\/28938\/page\/2\/\"><\/div>\n\t\t\t\t<nav class=\"elementor-pagination\" aria-label=\"Pagination\">\n\t\t\t<span class=\"page-numbers prev\">&laquo; Anterior<\/span>\n<span aria-current=\"page\" class=\"page-numbers current\"><span class=\"elementor-screen-only\">Page<\/span>1<\/span>\n<a class=\"page-numbers\" href=\"https:\/\/aclco.co\/en\/wp-json\/wp\/v2\/pages\/28938\/page\/2\/\"><span class=\"elementor-screen-only\">Page<\/span>2<\/a>\n<a class=\"page-numbers\" href=\"https:\/\/aclco.co\/en\/wp-json\/wp\/v2\/pages\/28938\/page\/3\/\"><span class=\"elementor-screen-only\">Page<\/span>3<\/a>\n<span class=\"page-numbers dots\">&hellip;<\/span>\n<a class=\"page-numbers\" href=\"https:\/\/aclco.co\/en\/wp-json\/wp\/v2\/pages\/28938\/page\/5\/\"><span class=\"elementor-screen-only\">Page<\/span>5<\/a>\n<a class=\"page-numbers next\" href=\"https:\/\/aclco.co\/en\/wp-json\/wp\/v2\/pages\/28938\/page\/2\/\">Siguiente &raquo;<\/a>\t\t<\/nav>\n\t\t\t\t\t\t<\/div>\n\t\t\t\t<\/div>\n\t\t\t\t\t<\/div>\n\t\t\t\t<\/div>\n\t\t<div class=\"elementor-element elementor-element-ac0b085 e-flex e-con-boxed e-con e-parent\" data-id=\"ac0b085\" data-element_type=\"container\" data-e-type=\"container\">\n\t\t\t\t\t<div class=\"e-con-inner\">\n\t\t\t\t<div class=\"elementor-element elementor-element-ae8cd9d elementor-widget elementor-widget-spacer\" data-id=\"ae8cd9d\" data-element_type=\"widget\" data-e-type=\"widget\" data-widget_type=\"spacer.default\">\n\t\t\t\t\t\t\t<div class=\"elementor-spacer\">\n\t\t\t<div class=\"elementor-spacer-inner\"><\/div>\n\t\t<\/div>\n\t\t\t\t\t\t<\/div>\n\t\t\t\t\t<\/div>\n\t\t\t\t<\/div>\n\t\t\t\t<\/div>","protected":false},"excerpt":{"rendered":"<p>Blog Noticias ACL<\/p>","protected":false},"author":4,"featured_media":0,"parent":0,"menu_order":0,"comment_status":"closed","ping_status":"closed","template":"","meta":{"_joinchat":[],"footnotes":""},"class_list":["post-28938","page","type-page","status-publish","hentry"],"_links":{"self":[{"href":"https:\/\/aclco.co\/en\/wp-json\/wp\/v2\/pages\/28938","targetHints":{"allow":["GET"]}}],"collection":[{"href":"https:\/\/aclco.co\/en\/wp-json\/wp\/v2\/pages"}],"about":[{"href":"https:\/\/aclco.co\/en\/wp-json\/wp\/v2\/types\/page"}],"author":[{"embeddable":true,"href":"https:\/\/aclco.co\/en\/wp-json\/wp\/v2\/users\/4"}],"replies":[{"embeddable":true,"href":"https:\/\/aclco.co\/en\/wp-json\/wp\/v2\/comments?post=28938"}],"version-history":[{"count":19,"href":"https:\/\/aclco.co\/en\/wp-json\/wp\/v2\/pages\/28938\/revisions"}],"predecessor-version":[{"id":30288,"href":"https:\/\/aclco.co\/en\/wp-json\/wp\/v2\/pages\/28938\/revisions\/30288"}],"wp:attachment":[{"href":"https:\/\/aclco.co\/en\/wp-json\/wp\/v2\/media?parent=28938"}],"curies":[{"name":"wp","href":"https:\/\/api.w.org\/{rel}","templated":true}]}}