{"id":29408,"date":"2023-04-14T17:46:16","date_gmt":"2023-04-14T17:46:16","guid":{"rendered":"https:\/\/darkgoldenrod-ibex-179495.hostingersite.com\/?page_id=29408"},"modified":"2023-04-14T22:21:35","modified_gmt":"2023-04-14T22:21:35","slug":"solicitud-de-saldos-a-favor-de-impuestos","status":"publish","type":"page","link":"https:\/\/aclco.co\/en\/solicitud-de-saldos-a-favor-de-impuestos\/","title":{"rendered":"Application to Tax Credit Balances"},"content":{"rendered":"<div data-elementor-type=\"wp-page\" data-elementor-id=\"29408\" class=\"elementor elementor-29408\" data-elementor-post-type=\"page\">\n\t\t\t\t\t\t<section class=\"elementor-section elementor-top-section elementor-element elementor-element-b579aa7 elementor-section-height-min-height elementor-section-content-middle elementor-section-boxed elementor-section-height-default elementor-section-items-middle\" data-id=\"b579aa7\" data-element_type=\"section\" data-e-type=\"section\" data-settings=\"{&quot;background_background&quot;:&quot;classic&quot;}\">\n\t\t\t\t\t\t\t<div class=\"elementor-background-overlay\"><\/div>\n\t\t\t\t\t\t\t<div class=\"elementor-container elementor-column-gap-no\">\n\t\t\t\t\t<div class=\"elementor-column elementor-col-50 elementor-top-column elementor-element elementor-element-4dabfff\" data-id=\"4dabfff\" data-element_type=\"column\" data-e-type=\"column\" data-settings=\"{&quot;background_background&quot;:&quot;classic&quot;}\">\n\t\t\t<div class=\"elementor-widget-wrap elementor-element-populated\">\n\t\t\t\t<div class=\"elementor-element elementor-element-7a9a650 e-con-full e-flex e-con e-parent\" data-id=\"7a9a650\" data-element_type=\"container\" data-e-type=\"container\">\n\t\t\t\t<div class=\"elementor-element elementor-element-f44d158 elementor-widget elementor-widget-heading\" data-id=\"f44d158\" data-element_type=\"widget\" data-e-type=\"widget\" data-widget_type=\"heading.default\">\n\t\t\t\t\t<h2 class=\"elementor-heading-title elementor-size-default\">Application to Tax Credit Balances<\/h2>\t\t\t\t<\/div>\n\t\t\t\t<\/div>\n\t\t\t\t<div class=\"elementor-element elementor-element-a5df385 elementor-widget-divider--view-line elementor-widget elementor-widget-divider\" data-id=\"a5df385\" data-element_type=\"widget\" data-e-type=\"widget\" data-widget_type=\"divider.default\">\n\t\t\t\t\t\t\t<div class=\"elementor-divider\">\n\t\t\t<span class=\"elementor-divider-separator\">\n\t\t\t\t\t\t<\/span>\n\t\t<\/div>\n\t\t\t\t\t\t<\/div>\n\t\t\t\t<div class=\"elementor-element elementor-element-22933a7 elementor-align-left elementor-widget elementor-widget-button\" data-id=\"22933a7\" data-element_type=\"widget\" data-e-type=\"widget\" data-widget_type=\"button.default\">\n\t\t\t\t\t\t\t\t\t\t<a class=\"elementor-button elementor-button-link elementor-size-sm\" href=\"https:\/\/wa.link\/em4zo8\" target=\"_blank\" rel=\"noopener\">\n\t\t\t\t\t\t<span class=\"elementor-button-content-wrapper\">\n\t\t\t\t\t\t<span class=\"elementor-button-icon\">\n\t\t\t\t<svg aria-hidden=\"true\" class=\"e-font-icon-svg e-fab-whatsapp\" viewbox=\"0 0 448 512\" xmlns=\"http:\/\/www.w3.org\/2000\/svg\"><path d=\"M380.9 97.1C339 55.1 283.2 32 223.9 32c-122.4 0-222 99.6-222 222 0 39.1 10.2 77.3 29.6 111L0 480l117.7-30.9c32.4 17.7 68.9 27 106.1 27h.1c122.3 0 224.1-99.6 224.1-222 0-59.3-25.2-115-67.1-157zm-157 341.6c-33.2 0-65.7-8.9-94-25.7l-6.7-4-69.8 18.3L72 359.2l-4.4-7c-18.5-29.4-28.2-63.3-28.2-98.2 0-101.7 82.8-184.5 184.6-184.5 49.3 0 95.6 19.2 130.4 54.1 34.8 34.9 56.2 81.2 56.1 130.5 0 101.8-84.9 184.6-186.6 184.6zm101.2-138.2c-5.5-2.8-32.8-16.2-37.9-18-5.1-1.9-8.8-2.8-12.5 2.8-3.7 5.6-14.3 18-17.6 21.8-3.2 3.7-6.5 4.2-12 1.4-32.6-16.3-54-29.1-75.5-66-5.7-9.8 5.7-9.1 16.3-30.3 1.8-3.7.9-6.9-.5-9.7-1.4-2.8-12.5-30.1-17.1-41.2-4.5-10.8-9.1-9.3-12.5-9.5-3.2-.2-6.9-.2-10.6-.2-3.7 0-9.7 1.4-14.8 6.9-5.1 5.6-19.4 19-19.4 46.3 0 27.3 19.9 53.7 22.6 57.4 2.8 3.7 39.1 59.7 94.8 83.8 35.2 15.2 49 16.5 66.6 13.9 10.7-1.6 32.8-13.4 37.4-26.4 4.6-13 4.6-24.1 3.2-26.4-1.3-2.5-5-3.9-10.5-6.6z\"><\/path><\/svg>\t\t\t<\/span>\n\t\t\t\t\t\t\t\t\t<span class=\"elementor-button-text\">Quote with Us<\/span>\n\t\t\t\t\t<\/span>\n\t\t\t\t\t<\/a>\n\t\t\t\t\t\t\t\t<\/div>\n\t\t\t\t\t<\/div>\n\t\t<\/div>\n\t\t\t\t<div class=\"elementor-column elementor-col-50 elementor-top-column elementor-element elementor-element-bbd85bf\" data-id=\"bbd85bf\" data-element_type=\"column\" data-e-type=\"column\" data-settings=\"{&quot;background_background&quot;:&quot;classic&quot;}\">\n\t\t\t<div class=\"elementor-widget-wrap elementor-element-populated\">\n\t\t\t\t<div class=\"elementor-element elementor-element-07fd06b e-flex e-con-boxed e-con e-parent\" data-id=\"07fd06b\" data-element_type=\"container\" data-e-type=\"container\">\n\t\t\t\t\t<div class=\"e-con-inner\">\n\t\t\t\t\t<\/div>\n\t\t\t\t<\/div>\n\t\t\t\t\t<\/div>\n\t\t<\/div>\n\t\t\t\t\t<\/div>\n\t\t<\/section>\n\t\t<div class=\"elementor-element elementor-element-0d4d726 e-flex e-con-boxed e-con e-parent\" data-id=\"0d4d726\" data-element_type=\"container\" data-e-type=\"container\">\n\t\t\t\t\t<div class=\"e-con-inner\">\n\t\t\t\t<div class=\"elementor-element elementor-element-991adcd elementor-widget elementor-widget-heading\" data-id=\"991adcd\" data-element_type=\"widget\" data-e-type=\"widget\" data-widget_type=\"heading.default\">\n\t\t\t\t\t<h2 class=\"elementor-heading-title elementor-size-default\">OUR TAX SERVICES INCLUDE:<\/h2>\t\t\t\t<\/div>\n\t\t\t\t\t<\/div>\n\t\t\t\t<\/div>\n\t\t<div class=\"elementor-element elementor-element-db3b294 e-flex e-con-boxed e-con e-parent\" data-id=\"db3b294\" data-element_type=\"container\" data-e-type=\"container\">\n\t\t\t\t\t<div class=\"e-con-inner\">\n\t\t<div class=\"elementor-element elementor-element-7221d5e e-con-full e-flex e-con e-parent\" data-id=\"7221d5e\" data-element_type=\"container\" data-e-type=\"container\">\n\t\t\t\t<div class=\"elementor-element elementor-element-2726a41 elementor-widget elementor-widget-image\" data-id=\"2726a41\" data-element_type=\"widget\" data-e-type=\"widget\" data-widget_type=\"image.default\">\n\t\t\t\t\t\t\t\t\t\t\t\t\t\t\t<img fetchpriority=\"high\" decoding=\"async\" width=\"800\" height=\"534\" src=\"data:image\/gif;base64,R0lGODlhAQABAIAAAAAAAP\/\/\/yH5BAEAAAAALAAAAAABAAEAAAIBRAA7\" data-src=\"https:\/\/aclco.co\/wp-content\/uploads\/2023\/04\/finconsult-img10-1024x683.jpg\" class=\"attachment-large size-large wp-image-145 lazyload\" alt=\"finconsult img10\" data-srcset=\"https:\/\/aclco.co\/wp-content\/uploads\/2023\/04\/finconsult-img10-1024x683.jpg 1024w, https:\/\/aclco.co\/wp-content\/uploads\/2023\/04\/finconsult-img10-300x200.jpg 300w, https:\/\/aclco.co\/wp-content\/uploads\/2023\/04\/finconsult-img10-768x512.jpg 768w, https:\/\/aclco.co\/wp-content\/uploads\/2023\/04\/finconsult-img10-600x400.jpg 600w, https:\/\/aclco.co\/wp-content\/uploads\/2023\/04\/finconsult-img10.jpg 1200w\" sizes=\"(max-width: 800px) 100vw, 800px\" title=\"\"><noscript><img decoding=\"async\" width=\"800\" height=\"534\" src=\"https:\/\/aclco.co\/wp-content\/uploads\/2023\/04\/finconsult-img10-1024x683.jpg\" class=\"attachment-large size-large wp-image-145 lazyload\" alt=\"finconsult img10\" srcset=\"https:\/\/aclco.co\/wp-content\/uploads\/2023\/04\/finconsult-img10-1024x683.jpg 1024w, https:\/\/aclco.co\/wp-content\/uploads\/2023\/04\/finconsult-img10-300x200.jpg 300w, https:\/\/aclco.co\/wp-content\/uploads\/2023\/04\/finconsult-img10-768x512.jpg 768w, https:\/\/aclco.co\/wp-content\/uploads\/2023\/04\/finconsult-img10-600x400.jpg 600w, https:\/\/aclco.co\/wp-content\/uploads\/2023\/04\/finconsult-img10.jpg 1200w\" sizes=\"(max-width: 800px) 100vw, 800px\" title=\"\"><\/noscript>\t\t\t\t\t\t\t\t\t\t\t\t\t\t\t<\/div>\n\t\t\t\t<\/div>\n\t\t<div class=\"elementor-element elementor-element-03773f5 e-con-full e-flex e-con e-parent\" data-id=\"03773f5\" data-element_type=\"container\" data-e-type=\"container\">\n\t\t\t\t<div class=\"elementor-element elementor-element-747fc47 elementor-widget elementor-widget-text-editor\" data-id=\"747fc47\" data-element_type=\"widget\" data-e-type=\"widget\" data-widget_type=\"text-editor.default\">\n\t\t\t\t\t\t\t\t\t<p>If you have balances in favor with the Dian we provide services of elaboration and presentation of tax refund request before the National Tax and Customs Directorate Dian.<\/p>\t\t\t\t\t\t\t\t<\/div>\n\t\t\t\t<\/div>\n\t\t\t\t\t<\/div>\n\t\t\t\t<\/div>\n\t\t<div class=\"elementor-element elementor-element-5f76c25 e-flex e-con-boxed e-con e-parent\" data-id=\"5f76c25\" data-element_type=\"container\" data-e-type=\"container\">\n\t\t\t\t\t<div class=\"e-con-inner\">\n\t\t\t\t<div class=\"elementor-element elementor-element-e8eeece elementor-widget elementor-widget-spacer\" data-id=\"e8eeece\" data-element_type=\"widget\" data-e-type=\"widget\" data-widget_type=\"spacer.default\">\n\t\t\t\t\t\t\t<div class=\"elementor-spacer\">\n\t\t\t<div class=\"elementor-spacer-inner\"><\/div>\n\t\t<\/div>\n\t\t\t\t\t\t<\/div>\n\t\t\t\t\t<\/div>\n\t\t\t\t<\/div>\n\t\t\t\t<\/div>","protected":false},"excerpt":{"rendered":"<p>Solicitud de Saldos a Favor de Impuestos Cotiza con nosotros NUESTROS SERVICIOS EN IMPUESTOS COMPRENDEN: Si usted tiene saldos a favor en la Dian nosotros prestamos servicios de elaboraci\u00f3n y presentaci\u00f3n de solicitud de devoluci\u00f3n de impuestos ante la direcci\u00f3n de impuestos y aduanas nacionales Dian.<\/p>","protected":false},"author":4,"featured_media":0,"parent":0,"menu_order":0,"comment_status":"closed","ping_status":"closed","template":"","meta":{"_joinchat":[],"footnotes":""},"class_list":["post-29408","page","type-page","status-publish","hentry"],"_links":{"self":[{"href":"https:\/\/aclco.co\/en\/wp-json\/wp\/v2\/pages\/29408","targetHints":{"allow":["GET"]}}],"collection":[{"href":"https:\/\/aclco.co\/en\/wp-json\/wp\/v2\/pages"}],"about":[{"href":"https:\/\/aclco.co\/en\/wp-json\/wp\/v2\/types\/page"}],"author":[{"embeddable":true,"href":"https:\/\/aclco.co\/en\/wp-json\/wp\/v2\/users\/4"}],"replies":[{"embeddable":true,"href":"https:\/\/aclco.co\/en\/wp-json\/wp\/v2\/comments?post=29408"}],"version-history":[{"count":10,"href":"https:\/\/aclco.co\/en\/wp-json\/wp\/v2\/pages\/29408\/revisions"}],"predecessor-version":[{"id":29545,"href":"https:\/\/aclco.co\/en\/wp-json\/wp\/v2\/pages\/29408\/revisions\/29545"}],"wp:attachment":[{"href":"https:\/\/aclco.co\/en\/wp-json\/wp\/v2\/media?parent=29408"}],"curies":[{"name":"wp","href":"https:\/\/api.w.org\/{rel}","templated":true}]}}